{"id":14676,"date":"2018-02-27T16:20:59","date_gmt":"2018-02-27T19:20:59","guid":{"rendered":"http:\/\/www.ivanabeaumond.com.br\/vestidos-noiva\/?page_id=14676"},"modified":"2018-02-27T16:52:17","modified_gmt":"2018-02-27T19:52:17","slug":"vestidos-debutante-primeiro-amor","status":"publish","type":"page","link":"https:\/\/www.ivanabeaumond.com.br\/vestidos-noiva\/vestidos-debutante-primeiro-amor\/","title":{"rendered":"Cole\u00e7\u00e3o Vestidos Debutante Primeiro Amor"},"content":{"rendered":"[vc_row][vc_column width=&#8221;1\/1&#8243;][vc_column_text]\n<h1 style=\"text-align: center;\">VESTIDOS DE DEBUTANTES\u00a0COLE\u00c7\u00c3O PRIMEIRO AMOR<\/h1>\n[\/vc_column_text][vc_empty_space height=&#8221;10px&#8221;][vc_column_text]\n<h5 style=\"text-align: justify;\">A cole\u00e7\u00e3o Primeiro Amor R\u00fassia By IVANA BEAUMOND PARIS, traz em cada detalhe um sonho inspirado no famoso conto do escritor russo Ivan Turgu\u00eaniev. A cole\u00e7\u00e3o Primeiro Amor resgata a magia de uma Princesa em seu conto de fada inesquec\u00edvel. O luxo nos maravilhosos Vestidos de Debutantes que s\u00e3o exaltado por meio de bordados em p\u00e9rolas e cristais. O movimento e leveza, acompanham tamb\u00e9m elementos modernos e mesclam o cl\u00e1ssico com as \u00faltimas tend\u00eancias da Moda Fashion Teen.<\/h5>\n[\/vc_column_text][vc_single_image alignment=&#8221;center&#8221; border_color=&#8221;grey&#8221; img_link_large=&#8221;&#8221; img_link_target=&#8221;_self&#8221; img_size=&#8221;full&#8221; image=&#8221;14752&#8243;][vc_empty_space height=&#8221;5px&#8221;][vc_gallery type=&#8221;image_grid&#8221; interval=&#8221;3&#8243; images=&#8221;14670,14671,14672,14673,14674,14677,14678,14679,14680,14681,14682,14683,14684,14685,14686,14687,14688,14689,14690,14692,14693,14694,14695,14696,14697,14698,14699,14700,14701,14702,14703,14704,14705,14706,14707,14709,14710,14711,14713,14714,14715,14716,14717,14718,14719,14720,14721,14722,14723,14725,14726,14727,14728,14729,14730,14731,14732,14733,14734,14735,14736,14737,14738,14740,14741,14742,14743,14744&#8243; onclick=&#8221;link_image&#8221; custom_links_target=&#8221;_self&#8221; column_number=&#8221;3&#8243; img_size=&#8221;352&#215;488&#8243;][vc_empty_space height=&#8221;20px&#8221;][\/vc_column][\/vc_row]\n","protected":false},"excerpt":{"rendered":"<p>[vc_row][vc_column width=&#8221;1\/1&#8243;][vc_column_text] VESTIDOS DE DEBUTANTES\u00a0COLE\u00c7\u00c3O PRIMEIRO AMOR [\/vc_column_text][vc_empty_space height=&#8221;10px&#8221;][vc_column_text] A&#8230;<\/p>\n","protected":false},"author":4,"featured_media":0,"parent":0,"menu_order":0,"comment_status":"closed","ping_status":"closed","template":"","meta":[],"yoast_head":"<!-- This site is optimized with the Yoast SEO plugin v20.3 - https:\/\/yoast.com\/wordpress\/plugins\/seo\/ -->\n<title>Cole\u00e7\u00e3o Vestidos Debutante Primeiro Amor - Vestido de Noiva RJ<\/title>\n<meta name=\"robots\" content=\"index, follow, max-snippet:-1, max-image-preview:large, max-video-preview:-1\" \/>\n<link rel=\"canonical\" href=\"https:\/\/www.ivanabeaumond.com.br\/vestidos-noiva\/vestidos-debutante-primeiro-amor\/\" \/>\n<meta property=\"og:locale\" content=\"pt_BR\" \/>\n<meta property=\"og:type\" content=\"article\" \/>\n<meta property=\"og:title\" content=\"Cole\u00e7\u00e3o Vestidos Debutante Primeiro Amor - Vestido de Noiva RJ\" \/>\n<meta property=\"og:description\" content=\"[vc_row][vc_column width=&#8221;1\/1&#8243;][vc_column_text] VESTIDOS DE DEBUTANTES\u00a0COLE\u00c7\u00c3O PRIMEIRO AMOR [\/vc_column_text][vc_empty_space height=&#8221;10px&#8221;][vc_column_text] A...\" \/>\n<meta property=\"og:url\" content=\"https:\/\/www.ivanabeaumond.com.br\/vestidos-noiva\/vestidos-debutante-primeiro-amor\/\" \/>\n<meta property=\"og:site_name\" content=\"Vestido de Noiva RJ\" \/>\n<meta property=\"article:publisher\" content=\"https:\/\/www.facebook.com\/ivana.beaumondnoivas\" \/>\n<meta property=\"article:modified_time\" content=\"2018-02-27T19:52:17+00:00\" \/>\n<meta name=\"twitter:card\" content=\"summary_large_image\" \/>\n<meta name=\"twitter:label1\" content=\"Est. tempo de leitura\" \/>\n\t<meta name=\"twitter:data1\" content=\"1 minuto\" \/>\n<script type=\"application\/ld+json\" class=\"yoast-schema-graph\">{\"@context\":\"https:\/\/schema.org\",\"@graph\":[{\"@type\":\"WebPage\",\"@id\":\"https:\/\/www.ivanabeaumond.com.br\/vestidos-noiva\/vestidos-debutante-primeiro-amor\/\",\"url\":\"https:\/\/www.ivanabeaumond.com.br\/vestidos-noiva\/vestidos-debutante-primeiro-amor\/\",\"name\":\"Cole\u00e7\u00e3o Vestidos Debutante Primeiro Amor - Vestido de Noiva RJ\",\"isPartOf\":{\"@id\":\"https:\/\/www.ivanabeaumond.com.br\/vestidos-noiva\/#website\"},\"datePublished\":\"2018-02-27T19:20:59+00:00\",\"dateModified\":\"2018-02-27T19:52:17+00:00\",\"breadcrumb\":{\"@id\":\"https:\/\/www.ivanabeaumond.com.br\/vestidos-noiva\/vestidos-debutante-primeiro-amor\/#breadcrumb\"},\"inLanguage\":\"pt-BR\",\"potentialAction\":[{\"@type\":\"ReadAction\",\"target\":[\"https:\/\/www.ivanabeaumond.com.br\/vestidos-noiva\/vestidos-debutante-primeiro-amor\/\"]}]},{\"@type\":\"BreadcrumbList\",\"@id\":\"https:\/\/www.ivanabeaumond.com.br\/vestidos-noiva\/vestidos-debutante-primeiro-amor\/#breadcrumb\",\"itemListElement\":[{\"@type\":\"ListItem\",\"position\":1,\"name\":\"In\u00edcio\",\"item\":\"https:\/\/www.ivanabeaumond.com.br\/vestidos-noiva\/\"},{\"@type\":\"ListItem\",\"position\":2,\"name\":\"Cole\u00e7\u00e3o Vestidos Debutante Primeiro Amor\"}]},{\"@type\":\"WebSite\",\"@id\":\"https:\/\/www.ivanabeaumond.com.br\/vestidos-noiva\/#website\",\"url\":\"https:\/\/www.ivanabeaumond.com.br\/vestidos-noiva\/\",\"name\":\"Vestido de Noiva RJ\",\"description\":\"Moda Noiva\",\"publisher\":{\"@id\":\"https:\/\/www.ivanabeaumond.com.br\/vestidos-noiva\/#organization\"},\"potentialAction\":[{\"@type\":\"SearchAction\",\"target\":{\"@type\":\"EntryPoint\",\"urlTemplate\":\"https:\/\/www.ivanabeaumond.com.br\/vestidos-noiva\/?s={search_term_string}\"},\"query-input\":\"required name=search_term_string\"}],\"inLanguage\":\"pt-BR\"},{\"@type\":\"Organization\",\"@id\":\"https:\/\/www.ivanabeaumond.com.br\/vestidos-noiva\/#organization\",\"name\":\"Vestido de Noiva RJ\",\"url\":\"https:\/\/www.ivanabeaumond.com.br\/vestidos-noiva\/\",\"logo\":{\"@type\":\"ImageObject\",\"inLanguage\":\"pt-BR\",\"@id\":\"https:\/\/www.ivanabeaumond.com.br\/vestidos-noiva\/#\/schema\/logo\/image\/\",\"url\":\"https:\/\/www.ivanabeaumond.com.br\/vestidos-noiva\/wp-content\/uploads\/2018\/02\/logo_ivana_beaumond-2.png\",\"contentUrl\":\"https:\/\/www.ivanabeaumond.com.br\/vestidos-noiva\/wp-content\/uploads\/2018\/02\/logo_ivana_beaumond-2.png\",\"width\":230,\"height\":112,\"caption\":\"Vestido de Noiva RJ\"},\"image\":{\"@id\":\"https:\/\/www.ivanabeaumond.com.br\/vestidos-noiva\/#\/schema\/logo\/image\/\"},\"sameAs\":[\"https:\/\/www.facebook.com\/ivana.beaumondnoivas\",\"https:\/\/www.instagram.com\/ivanabeaumond\/\",\"https:\/\/www.tiktok.com\/@ivanabeaumond\"]}]}<\/script>\n<!-- \/ Yoast SEO plugin. -->","yoast_head_json":{"title":"Cole\u00e7\u00e3o Vestidos Debutante Primeiro Amor - Vestido de Noiva RJ","robots":{"index":"index","follow":"follow","max-snippet":"max-snippet:-1","max-image-preview":"max-image-preview:large","max-video-preview":"max-video-preview:-1"},"canonical":"https:\/\/www.ivanabeaumond.com.br\/vestidos-noiva\/vestidos-debutante-primeiro-amor\/","og_locale":"pt_BR","og_type":"article","og_title":"Cole\u00e7\u00e3o Vestidos Debutante Primeiro Amor - Vestido de Noiva RJ","og_description":"[vc_row][vc_column width=&#8221;1\/1&#8243;][vc_column_text] VESTIDOS DE DEBUTANTES\u00a0COLE\u00c7\u00c3O PRIMEIRO AMOR [\/vc_column_text][vc_empty_space height=&#8221;10px&#8221;][vc_column_text] A...","og_url":"https:\/\/www.ivanabeaumond.com.br\/vestidos-noiva\/vestidos-debutante-primeiro-amor\/","og_site_name":"Vestido de Noiva RJ","article_publisher":"https:\/\/www.facebook.com\/ivana.beaumondnoivas","article_modified_time":"2018-02-27T19:52:17+00:00","twitter_card":"summary_large_image","twitter_misc":{"Est. tempo de leitura":"1 minuto"},"schema":{"@context":"https:\/\/schema.org","@graph":[{"@type":"WebPage","@id":"https:\/\/www.ivanabeaumond.com.br\/vestidos-noiva\/vestidos-debutante-primeiro-amor\/","url":"https:\/\/www.ivanabeaumond.com.br\/vestidos-noiva\/vestidos-debutante-primeiro-amor\/","name":"Cole\u00e7\u00e3o Vestidos Debutante Primeiro Amor - Vestido de Noiva RJ","isPartOf":{"@id":"https:\/\/www.ivanabeaumond.com.br\/vestidos-noiva\/#website"},"datePublished":"2018-02-27T19:20:59+00:00","dateModified":"2018-02-27T19:52:17+00:00","breadcrumb":{"@id":"https:\/\/www.ivanabeaumond.com.br\/vestidos-noiva\/vestidos-debutante-primeiro-amor\/#breadcrumb"},"inLanguage":"pt-BR","potentialAction":[{"@type":"ReadAction","target":["https:\/\/www.ivanabeaumond.com.br\/vestidos-noiva\/vestidos-debutante-primeiro-amor\/"]}]},{"@type":"BreadcrumbList","@id":"https:\/\/www.ivanabeaumond.com.br\/vestidos-noiva\/vestidos-debutante-primeiro-amor\/#breadcrumb","itemListElement":[{"@type":"ListItem","position":1,"name":"In\u00edcio","item":"https:\/\/www.ivanabeaumond.com.br\/vestidos-noiva\/"},{"@type":"ListItem","position":2,"name":"Cole\u00e7\u00e3o Vestidos Debutante Primeiro Amor"}]},{"@type":"WebSite","@id":"https:\/\/www.ivanabeaumond.com.br\/vestidos-noiva\/#website","url":"https:\/\/www.ivanabeaumond.com.br\/vestidos-noiva\/","name":"Vestido de Noiva RJ","description":"Moda Noiva","publisher":{"@id":"https:\/\/www.ivanabeaumond.com.br\/vestidos-noiva\/#organization"},"potentialAction":[{"@type":"SearchAction","target":{"@type":"EntryPoint","urlTemplate":"https:\/\/www.ivanabeaumond.com.br\/vestidos-noiva\/?s={search_term_string}"},"query-input":"required name=search_term_string"}],"inLanguage":"pt-BR"},{"@type":"Organization","@id":"https:\/\/www.ivanabeaumond.com.br\/vestidos-noiva\/#organization","name":"Vestido de Noiva RJ","url":"https:\/\/www.ivanabeaumond.com.br\/vestidos-noiva\/","logo":{"@type":"ImageObject","inLanguage":"pt-BR","@id":"https:\/\/www.ivanabeaumond.com.br\/vestidos-noiva\/#\/schema\/logo\/image\/","url":"https:\/\/www.ivanabeaumond.com.br\/vestidos-noiva\/wp-content\/uploads\/2018\/02\/logo_ivana_beaumond-2.png","contentUrl":"https:\/\/www.ivanabeaumond.com.br\/vestidos-noiva\/wp-content\/uploads\/2018\/02\/logo_ivana_beaumond-2.png","width":230,"height":112,"caption":"Vestido de Noiva RJ"},"image":{"@id":"https:\/\/www.ivanabeaumond.com.br\/vestidos-noiva\/#\/schema\/logo\/image\/"},"sameAs":["https:\/\/www.facebook.com\/ivana.beaumondnoivas","https:\/\/www.instagram.com\/ivanabeaumond\/","https:\/\/www.tiktok.com\/@ivanabeaumond"]}]}},"_links":{"self":[{"href":"https:\/\/www.ivanabeaumond.com.br\/vestidos-noiva\/wp-json\/wp\/v2\/pages\/14676"}],"collection":[{"href":"https:\/\/www.ivanabeaumond.com.br\/vestidos-noiva\/wp-json\/wp\/v2\/pages"}],"about":[{"href":"https:\/\/www.ivanabeaumond.com.br\/vestidos-noiva\/wp-json\/wp\/v2\/types\/page"}],"author":[{"embeddable":true,"href":"https:\/\/www.ivanabeaumond.com.br\/vestidos-noiva\/wp-json\/wp\/v2\/users\/4"}],"replies":[{"embeddable":true,"href":"https:\/\/www.ivanabeaumond.com.br\/vestidos-noiva\/wp-json\/wp\/v2\/comments?post=14676"}],"version-history":[{"count":4,"href":"https:\/\/www.ivanabeaumond.com.br\/vestidos-noiva\/wp-json\/wp\/v2\/pages\/14676\/revisions"}],"predecessor-version":[{"id":14754,"href":"https:\/\/www.ivanabeaumond.com.br\/vestidos-noiva\/wp-json\/wp\/v2\/pages\/14676\/revisions\/14754"}],"wp:attachment":[{"href":"https:\/\/www.ivanabeaumond.com.br\/vestidos-noiva\/wp-json\/wp\/v2\/media?parent=14676"}],"curies":[{"name":"wp","href":"https:\/\/api.w.org\/{rel}","templated":true}]}}